{"id":203,"date":"2015-04-09T06:45:37","date_gmt":"2015-04-09T11:45:37","guid":{"rendered":"http:\/\/joysgolden.de\/?page_id=203"},"modified":"2016-03-02T04:36:50","modified_gmt":"2016-03-02T09:36:50","slug":"welpen-c-wurf","status":"publish","type":"page","link":"https:\/\/www.joysgolden.de\/?page_id=203","title":{"rendered":"Welpen | C-Wurf"},"content":{"rendered":"<p><strong>24.02.2016\u00a0<\/strong>Heute ist der letzte Welpe ausgezogen. Nun ist nur noch unsere kleine Lou \u00fcbrig. Sie wird sich wundern, dass kein Spielgef\u00e4hrte wieder kommt. Fine macht keinen sonderlich traurigen Eindruck. Wir freuen uns wieder \u00fcber unser gro\u00dfes Wohnzimmer und den ungewohnt angenehmen Geruch, wenn wir morgens am Fr\u00fchst\u00fcckstisch sitzen \ud83d\ude09<\/p>\n<p><strong>20.02.2016\u00a0<\/strong>Gestern und heute haben 6 Welpen ihr neues zu Hause bezogen. Es war ein wirklich trauriges Wochenende. Nun w\u00fcnschen wir allen Welpeneltern eine sch\u00f6ne Eingew\u00f6hnungszeit mit Ihrem neuen Familienmitglied.<\/p>\n<p><strong>19.02.2016\u00a0<\/strong>Heute war die Wurfabnahme bei uns. Wir sind wirklich stolz \u00fcber das Ergebnis. Alle Welpen sind in einer hervorragenden Verfassung. Der gesamte Wurf ist super ausgeglichen und fit.<\/p>\n<p><strong>16.02.2016\u00a0<\/strong>Der Countdown l\u00e4uft&#8230; nun hei\u00dft es bald &#8222;Abschied nehmen&#8220; und uns wird ganz schwer ums Herz wenn wir daran denken. Unsere t\u00e4gliche Runde in den Wald wird fehlen. Wenn alle acht Zwerge jede Minute was anderes entdecken. Am vergangenen Samstag haben wir einen Ausflug ans Wasser gemacht. Und alle haben es genossen. Fabian, vielen Dank nochmal f\u00fcr deine Ausdauer beim Fotografieren. Es sind wirklich tolle Bilder entstanden. Am Freitag wird die Wurfabnahme stattfinden&#8230; und dann hei\u00dft es f\u00fcr die ersten beiden Hunde &#8222;ausziehen&#8220;.<\/p>\n<p><strong>07.02.2016<\/strong> Unsere Welpen sind nun 6 Wochen alt. Wieder ist eine ereignisreiche Woche vergangen. Die Kleinen sind viel drau\u00dfen, das Wetter ist im Moment wirklich sch\u00f6n. Der erste Besuch beim Tierarzt stand auf dem Plan. Alle Welpen sind topfit. Die Autofahrt haben auch alle prima gemeistert. Die erste Impfung haben Sie nun hinter sich. Heute waren wir das erste Mal im Wald und es war einfach herrlich anzusehen wie die Kleinen alles erkundet haben. Bl\u00e4tter, \u00c4ste alles wurde umher geschleppt.<\/p>\n<p><strong>31.01.2016\u00a0<\/strong>Nun sind die Kleinen schon \u00fcber 5 Wochen alt und wir haben das Gef\u00fchl die Zeit vergeht wie im Flug. Die Welpen erleben jeden Tag viele aufregende Sachen. Wir versuchen die Kleinen mit vielen verschiedenen Situationen zu konfrontieren. Die erste Autofahrt war letzte Woche ein gro\u00dfes Erlebnis. Wir waren im Kindergarten und die Hunde, wie auch die Kinder fanden es toll. Jede Menge Nachbarshunde kommen und schauen neugierig am Zaun des Au\u00dfengeheges. In der kommenden Woche erwartet die Welpen der erste Besuch beim Tierarzt. Auch dieser Besuch ist mit einer langen Autofahrt verbunden. An den\u00a0Wochenenden besuchen uns die zuk\u00fcnftigen Hundeeltern und dabei beobachte ich schon mit etwas Wehmut die ganze Sache. Nun hei\u00dft es jeden Tag genie\u00dfen, auch wenn es mittlerweile ein ganz sch\u00f6n freche Bande ist.<\/p>\n<p><strong>21.01.2016\u00a0<\/strong>Heute seit langem wieder ein Eintrag ins Tagebuch. Es ist viel passiert &#8230; die kleinen Zwerge haben kr\u00e4ftig zugenommen. Fressen flei\u00dfig Ihren Welpenbrei und sind mittlerweile mehrmals am Tag im Freien. Allerdings sind die &#8222;Freig\u00e4nge&#8220; nur von kurzer Dauer da es bei uns m\u00e4chtig kalt ist. Fine geht nur noch ungern ins Gehege, da die kleinen Z\u00e4hne ihr wohl sehr zusetzen beim S\u00e4ugen. Einige Welpeneltern waren in der vergangenen Woche schon zu Besuch und wir freuen uns nun \u00fcber regelm\u00e4\u00dfigen Besuch der zuk\u00fcnftigen Hundebesitzer.<\/p>\n<p><strong>10.01.2016\u00a0<\/strong>Uns geht es allen gut!!! Die Welpen haben alle die Augen ge\u00f6ffnet. Alle laufen tapsend umher und verlassen auch schon ab und zu die Wurfkiste. Alle trinken flei\u00dfig an der Mama und wiegen alle \u00fcber 1000g . Mitte n\u00e4chster Woche werden wir mit Zuf\u00fcttern beginnen&#8230;<\/p>\n<p><strong>03.01.2016\u00a0<\/strong>Das erste M\u00e4dchen hat die Augen auf. Es ist wie ein kleines Wunder, zu sehen wie die Welpen von Tag zu Tag gr\u00f6\u00dfer werden. Und heute Morgen hat uns beim Wiegen der erste angeschaut.<\/p>\n<p><strong>31.12.2015\u00a0<\/strong>Unsere Zwerge sind heute 8 Tage alt und entwickeln sich alle pr\u00e4chtig. Fine ist wieder \u00f6fters im Garten und liegt auch mal wieder in ihrem K\u00f6rbchen statt in der Wurfkiste.<\/p>\n<p><strong>26.12.2015<\/strong> Heute, zum eigentlichen Geburtstermin, geht es allen Welpen gut. Fine ist unentwegt in Ihrer Wurfkiste und verl\u00e4sst diese nur kurz um Ihr &#8222;Gesch\u00e4ft&#8220; zu erledigen. Die Welpen nehmen alle zu und wir sind sehr zufrieden.<\/p>\n<p><strong>23.12.2015<\/strong>\u00a0Kaum zu glauben, aber wahr&#8230; Fine hat es geschafft und hat heute nachmittag 4 kleinen Goldijungs und 4 kleinen Goldim\u00e4dels das Leben geschenkt. Gestern Abend ging es bereits los. Fine hechelte in regelm\u00e4\u00dfigen Abst\u00e4nden, schlief aber dennoch relativ ruhig in Ihrem K\u00f6rbchen. Heute Mittag ging es dann los mit den ersten Wehen. Halb drei war dann die erste H\u00fcndin da. Mit sieben Welpen hatten wir nach der R\u00f6ntgenuntersuchung gerechnet. Doch 20.20 Uhr kam dann noch Nummer 8 auf die Welt. Wir freuen uns so sehr und sind m\u00e4chtig stolz auf unsere Fine. Wie schon beim B-Wurf hat sie alles absolut souver\u00e4n gemeistert. Morgen folgen dann die ersten Bilder in der Fotogalerie.<\/p>\n<p><strong>22.12.2015\u00a0<\/strong>Jetzt sind es noch 4 Tage. Fine geht es sehr gut. Die R\u00f6ntgenuntersuchung beim letzten Tierarztbesuch verlief reibungslos. Wir sind gespannt wann die Kleinen raus wollen.<\/p>\n<p><strong>03.12.2015\u00a0<\/strong>Fine ist schon richtig rund geworden. Ihr geht es prima und wir sind schon ein wenig aufgeregt. Die Welpen werden am 25.12. oder 26.12. auf die Welt kommen. Wir sind gespannt&#8230;<\/p>\n<p><strong>21.11.2015\u00a0<\/strong>Wir sind happy. Die Untersuchung gestern beim Tierarzt hat viele kleine Fruchth\u00fcllen gezeigt. Nun haben wir viele Termine mit Welpeninteressenten und hoffen auf viele nette Menschen, die bereit sind auf ein aufregendes Leben mit einem kleinen Goldi.<\/p>\n<p><strong>01.11.2015\u00a0<\/strong>Am 20.11. sind wir beim Tierarzt und erfahren ob es Nachwuchs gibt!!!<\/p>\n<p><strong>25.10.2015\u00a0<\/strong>Gestern war Fine bei Raymond auf &#8222;Liebesbesuch&#8220;. Nun hei\u00dft es warten und hoffen das alles geklappt hat.<\/p>\n<p><strong>18.10.2015<\/strong> Es ist soweit. Fine ist l\u00e4ufig. In der kommenden Woche geht es auf Hochzeitsreise.<\/p>\n<p>&nbsp;<\/p>\n<p>M\u00f6chten Sie uns und unsere H\u00fcndin kennen lernen, laden wir Sie recht herzlich nach Eisenberg ein.<\/p>\n<p>Bei Interesse an einem Welpen k\u00f6nnen Sie uns gern unter der 0152 31763268 anrufen.<\/p>\n<p>J\u00f6rg und Jeannine Pr\u00fcfer<\/p>\n<table>\n<tbody>\n<tr>\n<td>\n<p><div id=\"attachment_221\" style=\"width: 310px\" class=\"wp-caption alignleft\"><a href=\"http:\/\/joysgolden.de\/wp-content\/uploads\/2015\/04\/Ray.jpg\"><img loading=\"lazy\" decoding=\"async\" aria-describedby=\"caption-attachment-221\" class=\"size-medium wp-image-221 \" alt=\"Enthusiastic Swimmers Ray of Light\" src=\"http:\/\/joysgolden.de\/wp-content\/uploads\/2015\/04\/Ray-300x200.jpg\" width=\"300\" height=\"200\" srcset=\"https:\/\/www.joysgolden.de\/wp-content\/uploads\/2015\/04\/Ray-300x200.jpg 300w, https:\/\/www.joysgolden.de\/wp-content\/uploads\/2015\/04\/Ray.jpg 960w\" sizes=\"auto, (max-width: 300px) 100vw, 300px\" \/><\/a><p id=\"caption-attachment-221\" class=\"wp-caption-text\"><a title=\"Enthusiastic Swimmers Ray of Light\" href=\"http:\/\/www.myrayoflight.de\" target=\"_blank\">Enthusiastic Swimmers Ray of Light<\/a><\/p><\/div><\/td>\n<td>\n<p><div id=\"attachment_223\" style=\"width: 310px\" class=\"wp-caption alignleft\"><a href=\"http:\/\/joysgolden.de\/wp-content\/uploads\/2015\/04\/fine1.jpg\"><img loading=\"lazy\" decoding=\"async\" aria-describedby=\"caption-attachment-223\" class=\"size-medium wp-image-223\" alt=\"Anika Fine of joys golden Genesis\" src=\"http:\/\/joysgolden.de\/wp-content\/uploads\/2015\/04\/fine1-300x200.jpg\" width=\"300\" height=\"200\" srcset=\"https:\/\/www.joysgolden.de\/wp-content\/uploads\/2015\/04\/fine1-300x200.jpg 300w, https:\/\/www.joysgolden.de\/wp-content\/uploads\/2015\/04\/fine1-1024x682.jpg 1024w, https:\/\/www.joysgolden.de\/wp-content\/uploads\/2015\/04\/fine1.jpg 1068w\" sizes=\"auto, (max-width: 300px) 100vw, 300px\" \/><\/a><p id=\"caption-attachment-223\" class=\"wp-caption-text\">Anika Fine of joys golden Genesis<\/p><\/div><\/td>\n<\/tr>\n<\/tbody>\n<\/table>\n<div id=\"attachment_271\" style=\"width: 607px\" class=\"wp-caption alignnone\"><a style=\"text-align: center;\" href=\"http:\/\/joysgolden.de\/wp-content\/uploads\/2015\/04\/Hochzeit_1.jpg\"><img loading=\"lazy\" decoding=\"async\" aria-describedby=\"caption-attachment-271\" class=\" wp-image-271    \" title=\"Hochzeit\" alt=\"Hochzeit\" src=\"http:\/\/joysgolden.de\/wp-content\/uploads\/2015\/04\/Hochzeit_1-1024x683.jpg\" width=\"597\" height=\"399\" srcset=\"https:\/\/www.joysgolden.de\/wp-content\/uploads\/2015\/04\/Hochzeit_1-1024x683.jpg 1024w, https:\/\/www.joysgolden.de\/wp-content\/uploads\/2015\/04\/Hochzeit_1-300x200.jpg 300w, https:\/\/www.joysgolden.de\/wp-content\/uploads\/2015\/04\/Hochzeit_1.jpg 1920w\" sizes=\"auto, (max-width: 597px) 100vw, 597px\" \/><\/a><p id=\"caption-attachment-271\" class=\"wp-caption-text\">Hochzeit<\/p><\/div>\n<p>&nbsp;<\/p>\n<p style=\"text-align: center;\">Hier\u00a0finden Sie den\u00a0<a title=\"Paarungsplan\" href=\"http:\/\/joysgolden.de\/wp-content\/uploads\/2015\/04\/Verpaarung_Fine_Raymond.pdf\" target=\"_blank\">Paarungsplan<\/a>\u00a0von Enthusiastic Swimmers Ray of Light\u00a0und Anika Fine.<\/p>\n<h3>Enthusiastic Swimmers Ray of Light &#8211; Raymond &#8211;<\/h3>\n<ul>\n<li>Gewurfen am: 05. Oktober 2010<\/li>\n<li>Zuchtbuchnummer: 1028987<\/li>\n<li>Zuchtzulassung: 03. Mai 2013<\/li>\n<li>Formwert: vorz\u00fcglich<\/li>\n<li>ED: re\u00a0| li: frei | frei<\/li>\n<li>HD: rechts A2 | \u00a0linksA2<\/li>\n<li>Augen: RD: frei ; PRA: frei ; Katarakt: frei vom 13.06.2015<\/li>\n<li>Wesenstest: bestanden<\/li>\n<li>Pr\u00fcfungen:\u00a0BHP B, APD A, JP\/R, JEPs, Abschlprfg.Abrichtel. Langschl.(800m)<\/li>\n<li>sonstige Befunde:\u00a0prcd-PRA: frei, GR-PRA1: frei, GR-PRA2: frei, sonstige Befunde: freiw.kard.Unters.(echokard.):ohne Befund<\/li>\n<\/ul>\n","protected":false},"excerpt":{"rendered":"<p>24.02.2016\u00a0Heute ist der letzte Welpe ausgezogen. Nun ist nur noch unsere kleine Lou \u00fcbrig. Sie wird sich wundern, dass kein Spielgef\u00e4hrte wieder kommt. Fine macht keinen sonderlich traurigen Eindruck. Wir freuen uns wieder \u00fcber unser gro\u00dfes Wohnzimmer und den ungewohnt angenehmen Geruch, wenn wir morgens am Fr\u00fchst\u00fcckstisch sitzen \ud83d\ude09 20.02.2016\u00a0Gestern und heute haben 6 Welpen [&hellip;]<\/p>\n","protected":false},"author":2,"featured_media":0,"parent":0,"menu_order":570,"comment_status":"closed","ping_status":"open","template":"","meta":{"ngg_post_thumbnail":0,"footnotes":""},"class_list":["post-203","page","type-page","status-publish","hentry"],"_links":{"self":[{"href":"https:\/\/www.joysgolden.de\/index.php?rest_route=\/wp\/v2\/pages\/203","targetHints":{"allow":["GET"]}}],"collection":[{"href":"https:\/\/www.joysgolden.de\/index.php?rest_route=\/wp\/v2\/pages"}],"about":[{"href":"https:\/\/www.joysgolden.de\/index.php?rest_route=\/wp\/v2\/types\/page"}],"author":[{"embeddable":true,"href":"https:\/\/www.joysgolden.de\/index.php?rest_route=\/wp\/v2\/users\/2"}],"replies":[{"embeddable":true,"href":"https:\/\/www.joysgolden.de\/index.php?rest_route=%2Fwp%2Fv2%2Fcomments&post=203"}],"version-history":[{"count":79,"href":"https:\/\/www.joysgolden.de\/index.php?rest_route=\/wp\/v2\/pages\/203\/revisions"}],"predecessor-version":[{"id":222,"href":"https:\/\/www.joysgolden.de\/index.php?rest_route=\/wp\/v2\/pages\/203\/revisions\/222"}],"wp:attachment":[{"href":"https:\/\/www.joysgolden.de\/index.php?rest_route=%2Fwp%2Fv2%2Fmedia&parent=203"}],"curies":[{"name":"wp","href":"https:\/\/api.w.org\/{rel}","templated":true}]}}