{"id":57,"date":"2012-01-16T06:12:28","date_gmt":"2012-01-16T11:12:28","guid":{"rendered":"http:\/\/joysgolden.de\/?page_id=57"},"modified":"2015-10-16T08:56:10","modified_gmt":"2015-10-16T13:56:10","slug":"b-wurf","status":"publish","type":"page","link":"https:\/\/www.joysgolden.de\/?page_id=57","title":{"rendered":"Welpen | B-Wurf"},"content":{"rendered":"<h3>B-Wurf<\/h3>\n<p><em>( Aktuelle Fotos finden Sie in unserer Fotogalerie )<\/em><\/p>\n<p><em><strong>Oktober 2013<\/strong> Mitte Oktober ist es nun soweit. Alle Welpen aus dem B-Wurf \u00a0werden aufeinander treffen. Mal schaun was die &#8222;Kleinen&#8220; zum Wiedersehen \u00a0meinen!<\/em><\/p>\n<p><em><strong>September 2013<\/strong> Unsere Hammy hat nach vielen Umwegen ein tolles neues zu Hause gefunden. Wir w\u00fcnschen Ihr alles Gute und freuen uns das wir nach sehr langem Suchen eine so nette Familie gefunden haben.<\/em><\/p>\n<p><em><strong>03.07.2013<\/strong>\u00a0<\/em><em>Klein Hammy ist noch bei uns und macht tolle Fortschritte. Sie ist stubenrein, h\u00f6rt auf Kommandos wie &#8222;Sitz&#8220; und &#8222;Bleib&#8220; und w\u00fcrde sich \u00fcber eine liebe neue Familie freuen.<\/em><\/p>\n<p><strong><em>16.06.2013<\/em><\/strong><em>\u00a0Heute\u00a0haben wir erfahren, dass in einer Familie pl\u00f6tzlich eine Tierhaarallergie aufgetreten ist. Nun haben wir eine kleine H\u00fcndin zu vermitteln. Interessenten k\u00f6nnen sich gern melden\u00a00152 22683452.<\/em><\/p>\n<p><em><strong>15.06.2013<\/strong> Nun sind die Welpen seit 2 Wochen bei Ihren neuen Familien. Wir stehen mit jeder Familie regelm\u00e4\u00dfig in Kontakt und erfreuen uns daran, wie toll sich jeder einzelne von Ihnen entwickelt hat. Alle besuchen eine Hundeschule und wir wollen alle mal besuchen, sp\u00e4testens wenn die Ahnentafeln da sind. Die Familienfotos haben wir auch heute endlich in die Fotogalerie eingestellt.<\/em><\/p>\n<p><em><strong>30.05.2013<\/strong> So nun ist es soweit. Morgen fr\u00fch kommt die Wurfabnahme vom DRC und schaut sich alles an. Die Zuchtsst\u00e4tte wird noch einmal angeschaut und jeder Welpe genau unter die Lupe genommen. Danach werden die ersten drei Welpen Ihr neues zu Hause beziehen. Am Samstag dann alle anderen&#8230; Es geht eine wundersch\u00f6ne, aber auch sehr turbulente Zeit\u00a0zu Ende. Wir haben tolle Welpeneltern gefunden und hoffen das alle Ihrer neuen Aufgabe gewachsen sind.\u00a0<\/em><\/p>\n<p><em><strong>26.05.2013<\/strong> Nun ist es bald soweit und die Kleinen ziehen bei Ihren neuen Familien ein. Morgen fahren wir nochmal zum impfen und dann werden wir die letzten Tage mit den Zwergen genie\u00dfen.\u00a0<\/em><\/p>\n<p><em><strong>20.05.2013<\/strong> Heute in 2 Wochen sitzen wir wahrscheinlich hier und langweilen uns zu Tode&#8230;. Denn dann wohnen alle Welpen schon in Ihrem neuen zu Hause! Wenn wir daran denken macht uns das ganz sch\u00f6n traurig&#8230; Auch wenn die Kleinen jetzt alles von uns abverlangen, werden wir sie sehr vermissen. <\/em><em>Wir machen fast t\u00e4glich einen kleinen Ausflug in den Wald mit kleinem Teich. Das finden alle 7 total spannend und erkunden neugierig jeden Ast und jeden Tannenzapfen. Sie rennen \u00fcbm\u00fctig Joy und Fine hinterher und tapsen schon im Wasser herum. Fotos folgen wie gewohnt etwas sp\u00e4ter \ud83d\ude09<\/em><\/p>\n<p><em><strong>11.05.2013<\/strong> Die Zwerge sind nun fast 6 Wochen alt. Die zuk\u00fcnftigen Welpeneltern stehen alle fest und fast jeder der Kleinen hat schon einen Namen! Sunny der Hundepapa war letzte Woche auch zu Besuch &#8211; konnte aber mit seinen Nachkommen nicht viel anfangen. War auch gleich bisschen viel in der Kinderstube! Bei unserem Fotoshooting heute hatten leider nicht alle gen\u00fcgend Geduld&#8230; die heute fehlen, holen wir die n\u00e4chsten Tage nach!<\/em><\/p>\n<p><em><strong>07.05.2013<\/strong> Heute vor 5 Wochen sind unsere Kleinen auf die Welt gekommen. Es ist unglaublich wie schnell die Welpen gro\u00df geworden sind. Die Kleinen sind nun jeden Tag drau\u00dfen und erkunden ihr Au\u00dfengehege oder laufen ein wenig mit uns umher. Wir haben jeden Tag Besuch&#8230; Wenn nicht die neuen Welpeneltern da sind, dann kommen die Nachbarn und die Nachbarskinder zum schmusen vorbei. Es ist so sch\u00f6n mit<\/em> <em>anzusehen wie<\/em><em>\u00a0toll Sie sich entwickeln.\u00a0<\/em><\/p>\n<p><em><strong>26.04.2013<\/strong> Heute waren unsere Zwerge das erste mal drau\u00dfen&#8230; war das aufregend! Fine war immer dabei und hat alles genau beobachtet. Seit dieser Wochen f\u00fcttern wir zu und es scheint allen zu schmecken. Fotos haben wir eben eingestellt.<\/em><\/p>\n<p><em><strong>23.04.2013<\/strong> Heute sind unsere Hundebabys 3 Wochen alt. Nun sind sie schon richtig kleine Hunde&#8230; sie laufen und erkunden ihren Innenauslauf und spielen miteinander. Fine ist nun nur noch zum s\u00e4ugen bei Ihren Kleinen.\u00a0<\/em><i><br \/>\n<\/i><\/p>\n<p><em><strong>16.04.2013<\/strong> Unserem kleinen Rudel geht es bestens. Fine genie\u00dft mittlerweile auch wieder die Zeit au\u00dferhalb der Wurfkiste. Sie kommt gern mit spazieren und ist gern im Garten. Unsere Joy feiert heut Ihren 10. Geburtstag. Ein gro\u00dfer Tag den wir feiern werden. Sie ist sehr r\u00fchrig mit Ihren kleinen &#8222;Enkelkindern&#8220; und liegt jeden Tag vor der Wurfkiste.<\/em><\/p>\n<p><em><strong>10.04.2013<\/strong> Unseren 7 Zwergen geht es hervorragend. Sie entwickeln sich supe<\/em><em>r, haben ihr Gewicht bereits verdoppelt und sehen einfach nur goldig aus. Fine ist eine Super Mama, wir sind Super zufrieden mit allen. Morgen stellen wir wieder neue Fotos rein.\u00a0<\/em><\/p>\n<p><em><strong>05.04.2013<\/strong> Heute haben wir eine sehr traurige Nachricht. Unsere kleine Welpenh\u00fcndin &#8222;pinky<\/em>&#8222;<em>\u00a0<\/em><em>hat die<\/em><em> vergangene Nacht nicht \u00fcberstanden. Sie war von Beginn an die Kleinste, hatte sich dennoch die ersten 24 Stunden gut entwickelt. Der Tierarzt hat<\/em>\u00a0organisches<em> Versagen diagnostiziert. Es war ein gro<\/em><em>\u00dfer Schock f\u00fcr uns.\u00a0<\/em><\/p>\n<p><em>Den anderen Zwergen geht es sehr gut<\/em><em> und sie entwickeln sich pr\u00e4chtig. Sie nehmen Super zu und immer wenn wir in die Welpenkiste blicken, tr\u00f6stet es uns \u00fcber das Erlebte hinweg.<\/em><\/p>\n<p><em><\/em><strong>03.04.2013<\/strong> Die erste Nacht haben alle prima \u00fcberstanden. J\u00f6rg hat sich sein &#8222;Lager&#8220; neben der Wurfkiste eingerichtet. Der Tierarzt hat sich alle Welpen und die Mama angeschaut und<em> alle sind in bester Verfassung. Fine ist eine Super Mama. Sie verl\u00e4sst die<\/em>\u00a0Wurfkiste nur um<em>\u00a0ihr &#8220; Gesch\u00e4ft &#8220; zu verrichten und zu fressen und zu trinken. Wir sind wirklich sehr zufrieden.<\/em><\/p>\n<p><em><strong>02.04.2013<\/strong> DIE WELPEN SIND DA!!! Heute Nacht war es nun soweit&#8230; Fine hat acht gesunde<\/em>\u00a0<em>und wundersch\u00f6ne Welpen zur Welt gebracht. Es sind 4 M\u00e4dchen und 4 Jungs &#8211; ist doch prima aufgeteilt! Fotos werden nachgereicht sobald hier etwas Ruhe eingekehrt ist &#8211; ich denke das wird heut gegen Abend sein.<\/em><\/p>\n<p><em><strong>31.03.2013<\/strong> Finchen ist kugelrund! Trotz alledem liebt sie es mit Joy im Schnee zu k\u00e4mpeln. Nun ist Trommelwirbel angesagt &#8211; in den n\u00e4chsten Tagen wird es los gehen!<\/em><\/p>\n<p><em><strong>11.03.2013<\/strong> Unsere Fine wird langsam richtig rund. Ihr geht&#8217;s gut und es dauert gar nicht mehr lange bis die Zwerge auf die Welt kommen!!!<\/em><\/p>\n<p><em><strong>01.03.2013<\/strong>\u00a0<\/em><em>Heut waren wir mit Fine beim Tierarzt zur Ultraschalluntersuchung. Und wir haben das erfreuliche Ergebnis bekommen: FINE IST SCHWANGER! Wir haben 7-8 Fruchth\u00fcllen gesehen. Fine geht es gut und wir freuen uns auf \u00a0die n\u00e4chsten Wochen&#8230; Die Welpen werden Anfang April das Licht der Welt erblicken.<\/em><b><br \/>\n<\/b><\/p>\n<p><strong>30.01.20<\/strong><em><strong>13<\/strong> Der<\/em><em> Tierarzt hat &#8222;gr\u00fcnes Licht&#8220; gegeben. Fine wurde heute gedeckt. Ende Februar werden wir dann erfahren ob es geklappt hat. <\/em><em>\u00a0Die Ultraschalluntersuchung ist am 1.3.! Wir sind schon ganz gespannt!!!<\/em><\/p>\n<p><em><strong>18.01.2013<\/strong> Nachdem sich unsere Fine etwas Zeit gelassen hat, ist es nun endlich soweit. Fine ist l\u00e4ufig.<\/em><\/p>\nngg_shortcode_0_placeholder\n<p>ngg_shortcode_1_placeholder<br \/>\nEast Sunny vom Forst Leubnitz\u00a0\u00a0\u00a0\u00a0\u00a0\u00a0\u00a0\u00a0\u00a0\u00a0\u00a0\u00a0\u00a0\u00a0\u00a0\u00a0\u00a0\u00a0\u00a0\u00a0\u00a0\u00a0\u00a0\u00a0 Anika Fine of joys golden Genesis<\/p>\n<p><b>ngg_shortcode_2_placeholder<br \/>\n<\/b><\/p>\n<p>Unseren 2. Wurf planen wir mit unserer Fine f\u00fcr Ende 2012 bzw. Anfang 2013!<\/p>\n<p>Wir werden Fine mit <a href=\"http:\/\/www.drc.de\/adr\/listen\/show_druede.php?what=Rueden&amp;rvid=52891&amp;race=Golden%20Retriever\" target=\"_blank\">East Sunny vom Forst Leubnitz<\/a> verpaaren. Aus dieser Verpaarung erwarten wir absolut liebevolle und wesensfeste Familienhunde!<\/p>\n<p>Sunny ist mit unserer Joy &#8222;gro\u00df geworden&#8220; und geh\u00f6rt praktisch mit zur Familie. Aus diesem Grund wissen wir soviel \u00fcber ihn und k\u00f6nnen Sunny so gut einsch\u00e4tzen.<\/p>\n<h3>East Sunny vom Forst Leubnitz<\/h3>\n<ul>\n<li>Zuchtbuchnummer: 0319130<\/li>\n<li>Gewurfen am: 29.6.2003<\/li>\n<li>Zuchtzulassung: 12.02.09<\/li>\n<li>Formwert: sehr gut<\/li>\n<li>ED:\u00a0 frei\/frei<\/li>\n<li>HD: A1<\/li>\n<li>Wesenstest: bestanden<\/li>\n<li>Augen: RD: frei, PRA: frei, HC: frei 07\/2012<\/li>\n<\/ul>\n<p>M\u00f6chten Sie uns und unsere H\u00fcndin kennen lernen, laden wir Sie recht herzlich nach Eisenberg ein.<\/p>\n<p>Bei Interesse an einem Welpen k\u00f6nnen Sie uns gern unter der 0152 22683452 anrufen.<\/p>\n<p>J\u00f6rg und Jeannine<\/p>\n","protected":false},"excerpt":{"rendered":"<p>B-Wurf ( Aktuelle Fotos finden Sie in unserer Fotogalerie ) Oktober 2013 Mitte Oktober ist es nun soweit. Alle Welpen aus dem B-Wurf \u00a0werden aufeinander treffen. Mal schaun was die &#8222;Kleinen&#8220; zum Wiedersehen \u00a0meinen! September 2013 Unsere Hammy hat nach vielen Umwegen ein tolles neues zu Hause gefunden. Wir w\u00fcnschen Ihr alles Gute und freuen [&hellip;]<\/p>\n","protected":false},"author":1,"featured_media":0,"parent":0,"menu_order":580,"comment_status":"closed","ping_status":"closed","template":"","meta":{"ngg_post_thumbnail":0,"footnotes":""},"class_list":["post-57","page","type-page","status-publish","hentry"],"_links":{"self":[{"href":"https:\/\/www.joysgolden.de\/index.php?rest_route=\/wp\/v2\/pages\/57","targetHints":{"allow":["GET"]}}],"collection":[{"href":"https:\/\/www.joysgolden.de\/index.php?rest_route=\/wp\/v2\/pages"}],"about":[{"href":"https:\/\/www.joysgolden.de\/index.php?rest_route=\/wp\/v2\/types\/page"}],"author":[{"embeddable":true,"href":"https:\/\/www.joysgolden.de\/index.php?rest_route=\/wp\/v2\/users\/1"}],"replies":[{"embeddable":true,"href":"https:\/\/www.joysgolden.de\/index.php?rest_route=%2Fwp%2Fv2%2Fcomments&post=57"}],"version-history":[{"count":71,"href":"https:\/\/www.joysgolden.de\/index.php?rest_route=\/wp\/v2\/pages\/57\/revisions"}],"predecessor-version":[{"id":102,"href":"https:\/\/www.joysgolden.de\/index.php?rest_route=\/wp\/v2\/pages\/57\/revisions\/102"}],"wp:attachment":[{"href":"https:\/\/www.joysgolden.de\/index.php?rest_route=%2Fwp%2Fv2%2Fmedia&parent=57"}],"curies":[{"name":"wp","href":"https:\/\/api.w.org\/{rel}","templated":true}]}}