{"id":663,"date":"2021-01-24T13:58:09","date_gmt":"2021-01-24T18:58:09","guid":{"rendered":"https:\/\/www.joysgolden.de\/?page_id=663"},"modified":"2023-01-20T13:40:00","modified_gmt":"2023-01-20T18:40:00","slug":"welpen-e-wurf","status":"publish","type":"page","link":"https:\/\/www.joysgolden.de\/?page_id=663","title":{"rendered":"Welpen | E-Wurf"},"content":{"rendered":"\r\n<figure class=\"wp-block-image size-large is-resized\"><a href=\"https:\/\/www.joysgolden.de\/wp-content\/uploads\/2022\/11\/IMG_2636-scaled-e1668452882282.jpeg\"><img loading=\"lazy\" decoding=\"async\" class=\"wp-image-803\" src=\"https:\/\/www.joysgolden.de\/wp-content\/uploads\/2022\/11\/IMG_2636-scaled-e1668452882282-1024x768.jpeg\" alt=\"\" width=\"550\" height=\"384\"><\/a><\/figure>\r\n\r\n\r\n\r\n<p>&nbsp;<\/p>\r\n\r\n\r\n\r\n<p><strong>17.01.2023<\/strong> Seit \u00fcber einer Woche sind unsere Hundekinder nun schon ausgezogen. Wir sind so gl\u00fccklich, \u00fcber so tolle Hunde. Lou war eine tolle Mama. Wir sind gl\u00fccklich \u00fcber die tollen Menschen die wir gefunden haben f\u00fcr unsere Welpen.<\/p>\r\n\r\n\r\n\r\n<p><strong>13.11.2022<\/strong> Lou geht es prima und den Hundebabys auch. Sie macht einen prima Job.<\/p>\r\n\r\n\r\n\r\n<p><strong>9.11.2022&nbsp;<\/strong>Lou hat Ihre Welpen bekommen. Wir sind \u00fcbergl\u00fccklich. 3 kleine M\u00e4dchen und 2 Jungs haben das Licht der Welt erblickt. Lou hatte es diesmal leider nicht so einfach und hatte einen Kaiserschnitt.&nbsp;<\/p>\r\n\r\n\r\n\r\n<p><strong>3.11.2022<\/strong> Langsam wird es spannend. Nur noch wenige Tage, dann ist es soweit. Lou geht es sehr gut. Der dicke Bauch macht ihr aber ganz sch\u00f6n zu schaffen. Die Wurfkiste steht auch schon bereit.&nbsp;<\/p>\r\n\r\n\r\n\r\n<figure class=\"wp-block-image size-full is-resized\"><a href=\"https:\/\/www.joysgolden.de\/wp-content\/uploads\/2022\/10\/KKT-5819_PrferJrg_ClaraLouofJoysGolden_20151223_00_0000_0006.jpg\"><img loading=\"lazy\" decoding=\"async\" class=\"wp-image-779\" src=\"https:\/\/www.joysgolden.de\/wp-content\/uploads\/2022\/10\/KKT-5819_PrferJrg_ClaraLouofJoysGolden_20151223_00_0000_0006.jpg\" alt=\"\" width=\"550\" height=\"480\"><\/a><\/figure>\r\n\r\n<p><strong>10.10.2022&nbsp;<\/strong>Wir sind \u00fcbergl\u00fccklich. Auf dem Ultraschall konnten wir viele kleine Fruchth\u00fcllen erkennen. Anfang November wird Lou das zweite Mal Mama.<\/p>\r\n<p><img loading=\"lazy\" decoding=\"async\" class=\"aligncenter wp-image-775\" src=\"https:\/\/www.joysgolden.de\/wp-content\/uploads\/2022\/09\/e5834a4e-23bb-440e-b5f7-13aed5461cbd-300x177.jpeg\" alt=\"\" width=\"550\" height=\"177\"><\/p>\r\n<p><strong>10.09.2022&nbsp;<\/strong>Carlo und Lou haben sich das erste Mal getroffen&#8230;. das Decken lief hervorragend. Wir sind so happy und hoffen nun das Beste.<\/p>\r\n<p><strong>06.09.2022&nbsp;<\/strong>Nun wird es langsam spannend. Wir denken das wir Ende dieser Woche zu Carlo fahren.<\/p>\r\n<p><strong>28.08.2022&nbsp;<\/strong>Lou ist endlich l\u00e4ufig.&nbsp;Nun freuen wir uns auf den Besuch bei Carlo.<\/p>\r\n<p>&nbsp;<\/p>\r\n<p style=\"text-align: center;\">Unseren E-Wurf planen wir f\u00fcr Ende 2022.<\/p>\r\n<p style=\"text-align: center;\">Sobald sich die L\u00e4ufigkeit bei Lou einstellt, werden wir Carlo besuchen.<\/p>\r\n<p style=\"text-align: center;\">Wenn Sie Interesse an einem Welpen haben, k\u00f6nnen Sie uns gern eine E-Mail schicken.<\/p>\r\n<p style=\"text-align: center;\">jeannine.pruefer@email.de<\/p>\r\n<p style=\"text-align: center;\">Wir freuen uns auf Ihre Nachricht.<\/p>\r\n<p>&nbsp;<\/p>\r\n<h3 style=\"text-align: left;\"><strong>Clara Lou of Joys golden Genesis<\/strong><\/h3>\r\n<p><img loading=\"lazy\" decoding=\"async\" class=\"wp-image-620 alignnone\" src=\"https:\/\/www.joysgolden.de\/wp-content\/uploads\/2020\/04\/dsc05782-300x300.jpg\" alt=\"\" width=\"550\" height=\"550\" srcset=\"https:\/\/www.joysgolden.de\/wp-content\/uploads\/2020\/04\/dsc05782-300x300.jpg 300w, https:\/\/www.joysgolden.de\/wp-content\/uploads\/2020\/04\/dsc05782-150x150.jpg 150w, https:\/\/www.joysgolden.de\/wp-content\/uploads\/2020\/04\/dsc05782-768x768.jpg 768w, https:\/\/www.joysgolden.de\/wp-content\/uploads\/2020\/04\/dsc05782-1024x1024.jpg 1024w, https:\/\/www.joysgolden.de\/wp-content\/uploads\/2020\/04\/dsc05782.jpg 1343w\" sizes=\"auto, (max-width: 550px) 100vw, 550px\" \/><\/p>\r\n<h3>Carlo of Golden Fields und Forests<\/h3>\r\n<div id=\"attachment_743\" style=\"width: 560px\" class=\"wp-caption alignnone\"><a href=\"http:\/\/www.golden-fields-and-forests.de\/carlo\" target=\"_blank\" rel=\"noopener\"><img loading=\"lazy\" decoding=\"async\" aria-describedby=\"caption-attachment-743\" class=\"wp-image-743\" src=\"https:\/\/www.joysgolden.de\/wp-content\/uploads\/2022\/09\/Carlo-of-Golden-Fields-and-Forests-01-212x300.jpg\" alt=\"Carlo of Golden Fields und Forests\" width=\"550\" height=\"778\" srcset=\"https:\/\/www.joysgolden.de\/wp-content\/uploads\/2022\/09\/Carlo-of-Golden-Fields-and-Forests-01-212x300.jpg 212w, https:\/\/www.joysgolden.de\/wp-content\/uploads\/2022\/09\/Carlo-of-Golden-Fields-and-Forests-01-768x1086.jpg 768w, https:\/\/www.joysgolden.de\/wp-content\/uploads\/2022\/09\/Carlo-of-Golden-Fields-and-Forests-01-724x1024.jpg 724w\" sizes=\"auto, (max-width: 550px) 100vw, 550px\" \/><\/a><p id=\"caption-attachment-743\" class=\"wp-caption-text\"><em>* F\u00fcr mehr Infos zu Carlo aufs Foto klicken.<\/em><\/p><\/div>\r\n<p>&nbsp;<\/p>\r\n<p><span style=\"font-size: 1.17em;\">Carlo of Golden Fields und Forests<\/span><\/p>\r\n<ul>\r\n<li>Geboren: 29. Oktober 2017<\/li>\r\n<li>Zuchtbuchnummer: DRC-G 1739327<\/li>\r\n<li>Zuchtzulassung: 10. September 2019<\/li>\r\n<li>Formwert: vorz\u00fcglich<\/li>\r\n<li>ED: 0\/0<\/li>\r\n<li>HD: A2\/A2<\/li>\r\n<li>Augen: RD: frei ; PRA: frei ; Katarakt: frei vom 23.08.2021<\/li>\r\n<li>Wesenstest: bestanden<\/li>\r\n<li>Pr\u00fcfungen: Wesenstest, JAS\/R<\/li>\r\n<li>sonstige Befunde: Ichthyose frei<\/li>\r\n<\/ul>","protected":false},"excerpt":{"rendered":"<p>&nbsp; 17.01.2023 Seit \u00fcber einer Woche sind unsere Hundekinder nun schon ausgezogen. Wir sind so gl\u00fccklich, \u00fcber so tolle Hunde. Lou war eine tolle Mama. Wir sind gl\u00fccklich \u00fcber die tollen Menschen die wir gefunden haben f\u00fcr unsere Welpen. 13.11.2022 Lou geht es prima und den Hundebabys auch. Sie macht einen prima Job. 9.11.2022&nbsp;Lou hat [&hellip;]<\/p>\n","protected":false},"author":2,"featured_media":0,"parent":0,"menu_order":0,"comment_status":"closed","ping_status":"closed","template":"","meta":{"ngg_post_thumbnail":0,"footnotes":""},"class_list":["post-663","page","type-page","status-publish","hentry"],"_links":{"self":[{"href":"https:\/\/www.joysgolden.de\/index.php?rest_route=\/wp\/v2\/pages\/663","targetHints":{"allow":["GET"]}}],"collection":[{"href":"https:\/\/www.joysgolden.de\/index.php?rest_route=\/wp\/v2\/pages"}],"about":[{"href":"https:\/\/www.joysgolden.de\/index.php?rest_route=\/wp\/v2\/types\/page"}],"author":[{"embeddable":true,"href":"https:\/\/www.joysgolden.de\/index.php?rest_route=\/wp\/v2\/users\/2"}],"replies":[{"embeddable":true,"href":"https:\/\/www.joysgolden.de\/index.php?rest_route=%2Fwp%2Fv2%2Fcomments&post=663"}],"version-history":[{"count":55,"href":"https:\/\/www.joysgolden.de\/index.php?rest_route=\/wp\/v2\/pages\/663\/revisions"}],"predecessor-version":[{"id":819,"href":"https:\/\/www.joysgolden.de\/index.php?rest_route=\/wp\/v2\/pages\/663\/revisions\/819"}],"wp:attachment":[{"href":"https:\/\/www.joysgolden.de\/index.php?rest_route=%2Fwp%2Fv2%2Fmedia&parent=663"}],"curies":[{"name":"wp","href":"https:\/\/api.w.org\/{rel}","templated":true}]}}