{"id":813,"date":"2023-01-20T13:25:29","date_gmt":"2023-01-20T18:25:29","guid":{"rendered":"https:\/\/www.joysgolden.de\/?page_id=813"},"modified":"2023-04-08T06:38:16","modified_gmt":"2023-04-08T11:38:16","slug":"welpen-f-wurf","status":"publish","type":"page","link":"https:\/\/www.joysgolden.de\/?page_id=813","title":{"rendered":"Welpen | F-Wurf"},"content":{"rendered":"\r\n<figure class=\"wp-block-image\"><a href=\"https:\/\/www.joysgolden.de\/wp-content\/uploads\/2023\/04\/IMG_5189.jpg\"><img loading=\"lazy\" decoding=\"async\" class=\"alignnone wp-image-856 size-full\" src=\"https:\/\/www.joysgolden.de\/wp-content\/uploads\/2023\/04\/IMG_5189.jpg\" alt=\"\" width=\"1024\" height=\"768\"><\/a><\/figure>\r\n<figure class=\"wp-block-image\"><a href=\"https:\/\/www.joysgolden.de\/wp-content\/uploads\/2023\/04\/IMG_5066.jpg\"><img loading=\"lazy\" decoding=\"async\" class=\"alignnone wp-image-856 size-full\" src=\"https:\/\/www.joysgolden.de\/wp-content\/uploads\/2023\/04\/IMG_5066.jpg\" alt=\"\" width=\"1024\" height=\"768\"><\/a><\/figure>\r\n<p><strong>05.04.2023<\/strong>&nbsp;Heute haben die ersten Babys ihre Augen ge\u00f6ffnet. Alle Hundekinder entwickeln sich pr\u00e4chtig und sie nehmen wahnsinnig schnell zu. Yuma macht einen tollen Job.<\/p>\r\n<p><strong>23.03.2023&nbsp;<\/strong>P\u00fcnktlich zum 63. Tag bekommt unsere Yuma ihre 5 kleinen Hundekinder. Es war eine so sch\u00f6ne Geburt. Vier kleine R\u00fcden und eine H\u00fcndin haben das Licht der Welt erblickt.<\/p>\r\n<figure class=\"wp-block-image\"><a href=\"https:\/\/www.joysgolden.de\/wp-content\/uploads\/2023\/02\/Ultraschall-Diana-Yuma-300x225.jpg\"><img loading=\"lazy\" decoding=\"async\" class=\"alignnone wp-image-856 size-full\" src=\"https:\/\/www.joysgolden.de\/wp-content\/uploads\/2023\/02\/Ultraschall-Diana-Yuma.jpg\" alt=\"\" width=\"1024\" height=\"768\" srcset=\"https:\/\/www.joysgolden.de\/wp-content\/uploads\/2023\/02\/Ultraschall-Diana-Yuma.jpg 1024w, https:\/\/www.joysgolden.de\/wp-content\/uploads\/2023\/02\/Ultraschall-Diana-Yuma-300x225.jpg 300w, https:\/\/www.joysgolden.de\/wp-content\/uploads\/2023\/02\/Ultraschall-Diana-Yuma-768x576.jpg 768w\" sizes=\"auto, (max-width: 1024px) 100vw, 1024px\" \/><\/a><\/figure>\r\n\r\n\r\n\r\n<p><strong>22. Februar 2023&nbsp;<\/strong>Das Warten hat sich gelohnt. Der Ultraschall hat viele kleine Fruchtblasen gezeigt. Wir sind gl\u00fccklich. Yuma geht es hervorragend. Man merkt und sieht ihr noch nicht viel an.<\/p>\r\n\r\n\r\n\r\n<p><strong>20. Januar 2023&nbsp;<\/strong>Yuma und Carlo haben Hochzeit gefeiert. In circa 4 Woche wissen wir ob es erfolgreich war.<\/p>\r\n\r\n\r\n\r\n<p class=\"has-text-align-center\">Wenn Sie Interesse an einem Welpen haben, k\u00f6nnen Sie gern mit uns in Kontakt treten.<\/p>\r\n\r\n\r\n\r\n<p class=\"has-text-align-center\">Telefon: 0152-31763268<br>E-Mail: <a href=\"mailto:jeannine.pruefer@email.de\">jeannine.pruefer@email.de<\/a><\/p>\r\n\r\n\r\n\r\n<p class=\"has-text-align-center\">Wir freuen uns auf Ihre Nachricht.<\/p>\r\n\r\n\r\n\r\n<h3 class=\"wp-block-heading\"><strong>Diana Yuma of Joys golden Genesis<\/strong><\/h3>\r\n\r\n\r\n\r\n<figure class=\"wp-block-image\"><a href=\"https:\/\/www.joysgolden.de\/wp-content\/uploads\/2020\/07\/img_5250.jpg\"><img loading=\"lazy\" decoding=\"async\" width=\"768\" height=\"1024\" class=\"wp-image-658\" src=\"https:\/\/www.joysgolden.de\/wp-content\/uploads\/2020\/07\/img_5250-768x1024.jpg\" alt=\"\" srcset=\"https:\/\/www.joysgolden.de\/wp-content\/uploads\/2020\/07\/img_5250-768x1024.jpg 768w, https:\/\/www.joysgolden.de\/wp-content\/uploads\/2020\/07\/img_5250-225x300.jpg 225w, https:\/\/www.joysgolden.de\/wp-content\/uploads\/2020\/07\/img_5250.jpg 1835w\" sizes=\"auto, (max-width: 768px) 100vw, 768px\" \/><\/a><\/figure>\r\n\r\n\r\n\r\n<h3 class=\"wp-block-heading\"><strong>Carlo of Golden Fields und Forests<\/strong><\/h3>\r\n\r\n\r\n\r\n<figure class=\"wp-block-image alignnone\"><a href=\"http:\/\/www.golden-fields-and-forests.de\/carlo\" rel=\"noopener\"><img loading=\"lazy\" decoding=\"async\" class=\"alignnone wp-image-743 size-large\" src=\"https:\/\/www.joysgolden.de\/wp-content\/uploads\/2022\/09\/Carlo-of-Golden-Fields-and-Forests-01-724x1024.jpg\" alt=\"Carlo of Golden Fields und Forests\" width=\"724\" height=\"1024\" srcset=\"https:\/\/www.joysgolden.de\/wp-content\/uploads\/2022\/09\/Carlo-of-Golden-Fields-and-Forests-01-724x1024.jpg 724w, https:\/\/www.joysgolden.de\/wp-content\/uploads\/2022\/09\/Carlo-of-Golden-Fields-and-Forests-01-212x300.jpg 212w, https:\/\/www.joysgolden.de\/wp-content\/uploads\/2022\/09\/Carlo-of-Golden-Fields-and-Forests-01-768x1086.jpg 768w\" sizes=\"auto, (max-width: 724px) 100vw, 724px\" \/><\/a>\r\n<figcaption class=\"wp-element-caption\"><em>* F\u00fcr mehr Infos zu Carlo aufs Foto klicken.<\/em><\/figcaption>\r\n<\/figure>\r\n\r\n\r\n\r\n<p><span style=\"font-size: 1.17em;\">Carlo of Golden Fields und Forests<\/span><\/p>\r\n\r\n\r\n\r\n<ul class=\"wp-block-list\">\r\n<li>Geboren: 29. Oktober 2017<\/li>\r\n\r\n\r\n\r\n<li>Zuchtbuchnummer: DRC-G 1739327<\/li>\r\n\r\n\r\n\r\n<li>Zuchtzulassung: 10. September 2019<\/li>\r\n\r\n\r\n\r\n<li>Formwert: vorz\u00fcglich<\/li>\r\n\r\n\r\n\r\n<li>ED: 0\/0<\/li>\r\n\r\n\r\n\r\n<li>HD: A2\/A2<\/li>\r\n\r\n\r\n\r\n<li>Augen: RD: frei ; PRA: frei ; Katarakt: frei vom 23.08.2021<\/li>\r\n\r\n\r\n\r\n<li>Wesenstest: bestanden<\/li>\r\n\r\n\r\n\r\n<li>Pr\u00fcfungen: Wesenstest, JAS\/R<\/li>\r\n\r\n\r\n\r\n<li>sonstige Befunde: Ichthyose frei<\/li>\r\n<\/ul>\r\n","protected":false},"excerpt":{"rendered":"<p>22. Februar 2023&nbsp;Das Warten hat sich gelohnt. Der Ultraschall hat viele kleine Fruchtblasen gezeigt. Wir sind gl\u00fccklich. Yuma geht es hervorragend. Man merkt und sieht ihr noch nicht viel an. 20. Januar 2023&nbsp;Yuma und Carlo haben Hochzeit gefeiert. In circa 4 Woche wissen wir ob es erfolgreich war. Wenn Sie Interesse an einem Welpen haben, [&hellip;]<\/p>\n","protected":false},"author":2,"featured_media":0,"parent":0,"menu_order":0,"comment_status":"closed","ping_status":"closed","template":"","meta":{"ngg_post_thumbnail":0,"footnotes":""},"class_list":["post-813","page","type-page","status-publish","hentry"],"_links":{"self":[{"href":"https:\/\/www.joysgolden.de\/index.php?rest_route=\/wp\/v2\/pages\/813","targetHints":{"allow":["GET"]}}],"collection":[{"href":"https:\/\/www.joysgolden.de\/index.php?rest_route=\/wp\/v2\/pages"}],"about":[{"href":"https:\/\/www.joysgolden.de\/index.php?rest_route=\/wp\/v2\/types\/page"}],"author":[{"embeddable":true,"href":"https:\/\/www.joysgolden.de\/index.php?rest_route=\/wp\/v2\/users\/2"}],"replies":[{"embeddable":true,"href":"https:\/\/www.joysgolden.de\/index.php?rest_route=%2Fwp%2Fv2%2Fcomments&post=813"}],"version-history":[{"count":38,"href":"https:\/\/www.joysgolden.de\/index.php?rest_route=\/wp\/v2\/pages\/813\/revisions"}],"predecessor-version":[{"id":874,"href":"https:\/\/www.joysgolden.de\/index.php?rest_route=\/wp\/v2\/pages\/813\/revisions\/874"}],"wp:attachment":[{"href":"https:\/\/www.joysgolden.de\/index.php?rest_route=%2Fwp%2Fv2%2Fmedia&parent=813"}],"curies":[{"name":"wp","href":"https:\/\/api.w.org\/{rel}","templated":true}]}}